{"id":57,"date":"2019-09-30T14:47:35","date_gmt":"2019-09-30T17:47:35","guid":{"rendered":"http:\/\/mestradoprofissi1.hospedagemdesites.ws\/?page_id=57"},"modified":"2025-10-01T19:43:30","modified_gmt":"2025-10-01T22:43:30","slug":"revista","status":"publish","type":"page","link":"https:\/\/mestradoprofissional.fipecafi.org\/","title":{"rendered":"Publica\u00e7\u00f5es do Mestrado da FIPECAFI"},"content":{"rendered":"\n<p>Este espa\u00e7o, tem por objetivo disponibilizar estudos aplicados e publica\u00e7\u00f5es que foram realizados por nossos estudantes, individualmente ou com a coautoria de professores,  em peri\u00f3dicos, em congressos, ou outros eventos, como forma de contribuir com a difus\u00e3o do conhecimento gerado pelo programa de mestrado profissional da FIPECAFI.<\/p>\n\n\n\n<p><\/p>\n\n\n\n<p><\/p>\n\n\n\n<div class=\"wp-block-media-text alignwide has-media-on-the-right\" style=\"grid-template-columns:auto 36%\"><figure class=\"wp-block-media-text__media\"><img fetchpriority=\"high\" decoding=\"async\" width=\"417\" height=\"283\" src=\"http:\/\/mestradoprofissional.fipecafi.org\/wp-content\/uploads\/2024\/04\/Arvore-de-decis\u00e3o-1.png\" alt=\"\" class=\"wp-image-1965\" srcset=\"https:\/\/mestradoprofissional.fipecafi.org\/wp-content\/uploads\/2024\/04\/Arvore-de-decis\u00e3o-1.png 417w, https:\/\/mestradoprofissional.fipecafi.org\/wp-content\/uploads\/2024\/04\/Arvore-de-decis\u00e3o-1-300x204.png 300w\" sizes=\"(max-width: 417px) 100vw, 417px\" \/><\/figure><div class=\"wp-block-media-text__content\">\n<h4 class=\"wp-block-heading\">Para voc\u00ea, gestor, controller e\ncontador de organiza\u00e7\u00f5es que lidam com concess\u00f5es, uma ferramenta para auxiliar\nno tratamento cont\u00e1bil de relicita\u00e7\u00f5es!<\/h4>\n\n\n\n<p>Em 2017 foi promulgada a lei 13.448 que prev\u00ea o processo de Relicita\u00e7\u00e3o para os contratos de concess\u00e3o p\u00fablica federal. Considerando a legisla\u00e7\u00e3o vigente e os normativos cont\u00e1beis, pode-se constatar duas possibilidades para avalia\u00e7\u00e3o do ativo de concess\u00e3o envolvido em relicita\u00e7\u00f5es: (i) manuten\u00e7\u00e3o do registro cont\u00e1bil do ativo intang\u00edvel; ou (ii) transfer\u00eancia do ativo intang\u00edvel para o ativo financeiro. Pensando nisso, nosso mestre Daniel Fernandes, sob orienta\u00e7\u00e3o da Profa. Dra. Juliana Ventura Amaral, defendeu sua disserta\u00e7\u00e3o propondo um modelo de an\u00e1lise com o objetivo de auxiliar os gestores privados das concession\u00e1rias e seus controladores. Um produto tecnol\u00f3gico, no formato de \u00e1rvore de decis\u00e3o, foi trazido para direcionar o tratamento cont\u00e1bil a ser empregado pelas empresas concession\u00e1rias no que se refere aos ativos de concess\u00f5es em processos de Relicita\u00e7\u00e3o. Essa \u00e1rvore de decis\u00e3o pode ser baixada gratuitamente.                Clique aqui e baixe agora!<\/p>\n\n\n\n<div class=\"sdm_download_button_box_default\"><div class=\"sdm_download_link\"><a href=\"https:\/\/mestradoprofissional.fipecafi.org\/?sdm_process_download=1&download_id=1962\" class=\"sdm_download green\" title=\"\u00c1rvore de decis\u00e3o &#8211; relicita\u00e7\u00e3o\" >Baixar \u00c1rvore de decis\u00e3o_Relicita\u00e7\u00e3o<\/a><\/div><\/div>\n\n\n\n<div class=\"sdm_download_count\"><span class=\"sdm_count_number\">831<\/span><span class=\"sdm_count_string\"> Downloads<\/span><\/div>\n<\/div><\/div>\n\n\n\n<div class=\"wp-block-media-text alignwide\"><figure class=\"wp-block-media-text__media\"><img decoding=\"async\" width=\"1024\" height=\"1024\" data-src=\"http:\/\/mestradoprofissional.fipecafi.org\/wp-content\/uploads\/2023\/12\/Image20231219113616-1024x1024.png\" alt=\"\" class=\"wp-image-1807 lazyload\" data-srcset=\"https:\/\/mestradoprofissional.fipecafi.org\/wp-content\/uploads\/2023\/12\/Image20231219113616-1024x1024.png 1024w, https:\/\/mestradoprofissional.fipecafi.org\/wp-content\/uploads\/2023\/12\/Image20231219113616-150x150.png 150w, https:\/\/mestradoprofissional.fipecafi.org\/wp-content\/uploads\/2023\/12\/Image20231219113616-300x300.png 300w, https:\/\/mestradoprofissional.fipecafi.org\/wp-content\/uploads\/2023\/12\/Image20231219113616-768x768.png 768w, https:\/\/mestradoprofissional.fipecafi.org\/wp-content\/uploads\/2023\/12\/Image20231219113616.png 2000w\" data-sizes=\"(max-width: 1024px) 100vw, 1024px\" src=\"data:image\/gif;base64,R0lGODlhAQABAAAAACH5BAEKAAEALAAAAAABAAEAAAICTAEAOw==\" style=\"--smush-placeholder-width: 1024px; --smush-placeholder-aspect-ratio: 1024\/1024;\" \/><\/figure><div class=\"wp-block-media-text__content\">\n<h4 class=\"wp-block-heading\">Para voc\u00ea, empres\u00e1rio de micro e pequena empresa, uma ferramenta para auxiliar nas decis\u00f5es de pre\u00e7os!<\/h4>\n\n\n\n<p>No momento de definir os pre\u00e7os, in\u00fameras vari\u00e1veis devem ser analisadas em conjunto para guiar a melhor decis\u00e3o. Informa\u00e7\u00f5es de custos, concorr\u00eancia e valor merecem ser consideradas. O problema \u00e9 que muitas vezes \u00e9 dif\u00edcil agregar essas variadas informa\u00e7\u00f5es em um \u00fanico lugar, especialmente em micro e pequenas empresas, nas quais nem sempre h\u00e1 sistemas informatizados. Pensando nisso, nosso mestre Edson Clementino da Silva, sob orienta\u00e7\u00e3o da Profa. Dr. Juliana Ventura Amaral, defendeu sua disserta\u00e7\u00e3o mostrando que a presen\u00e7a de instrumentos de suporte pode melhorar a decis\u00e3o de pre\u00e7os. Ademais, ele trouxe como produto tecnol\u00f3gico um modelo para defini\u00e7\u00e3o de pre\u00e7os na forma de planilha. Essa planilha pode ser baixada gratuitamente aqui e usada por todos que quiserem para agrupar informa\u00e7\u00f5es, realizar simula\u00e7\u00f5es e promover c\u00e1lculos visando o melhor pre\u00e7o definido. Clique aqui e baixe agora!<\/p>\n\n\n\n<div class=\"sdm_download_button_box_default\"><div class=\"sdm_download_link\"><a href=\"https:\/\/mestradoprofissional.fipecafi.org\/?sdm_process_download=1&download_id=1803\" class=\"sdm_download green\" title=\"Modelo de Precifica\u00e7\u00e3o Unit\u00e1rio Produto &#8211; Varejo\" >Baixar o MODELO DE PRECIFICA\u00c7\u00c3O UNIT\u00c1RIO PRODUTO - VAREJO<\/a><\/div><\/div>\n\n\n\n<div class=\"sdm_download_count\"><span class=\"sdm_count_number\">834<\/span><span class=\"sdm_count_string\"> Downloads<\/span><\/div>\n<\/div><\/div>\n\n\n\n<hr class=\"wp-block-separator\"\/>\n\n\n\n<p style=\"font-size:26px\"><strong>O Gerenciamento de Riscos e o Planejamento Estrat\u00e9gico<\/strong><\/p>\n\n\n\n<figure class=\"wp-block-image\"><img decoding=\"async\" width=\"1024\" height=\"337\" data-src=\"http:\/\/mestradoprofissi1.hospedagemdesites.ws\/wp-content\/uploads\/2019\/10\/coso1-1024x337.png\" alt=\"\" class=\"wp-image-185 lazyload\" data-srcset=\"https:\/\/mestradoprofissional.fipecafi.org\/wp-content\/uploads\/2019\/10\/coso1-1024x337.png 1024w, https:\/\/mestradoprofissional.fipecafi.org\/wp-content\/uploads\/2019\/10\/coso1-300x99.png 300w, https:\/\/mestradoprofissional.fipecafi.org\/wp-content\/uploads\/2019\/10\/coso1-768x253.png 768w, https:\/\/mestradoprofissional.fipecafi.org\/wp-content\/uploads\/2019\/10\/coso1.png 1358w\" data-sizes=\"(max-width: 1024px) 100vw, 1024px\" src=\"data:image\/gif;base64,R0lGODlhAQABAAAAACH5BAEKAAEALAAAAAABAAEAAAICTAEAOw==\" style=\"--smush-placeholder-width: 1024px; --smush-placeholder-aspect-ratio: 1024\/337;\" \/><\/figure>\n\n\n\n<p style=\"font-size:12px\">Publicado no peri\u00f3dico Future Journal por Corinto Lucca Arruda, Fernando Menchini e Prof. Paschoal Tadeu Russo .<\/p>\n\n\n\n<p style=\"font-size:14px\"> Nesta pesquisa foi desenvolvido (teoricamente) e testado (empiricamente) um instrumento que possibilita avaliar a influ\u00eancia da gest\u00e3o de riscos corporativos no planejamento estrat\u00e9gico. Para isso, foi desenvolvido um modelo por meio da integra\u00e7\u00e3o do Enterprise Risk Management [ERM] (COSO, 2017) e das etapas do Planejamento Estrat\u00e9gico (diagn\u00f3stico estrat\u00e9gico, formula\u00e7\u00e3o da estrat\u00e9gia, implementa\u00e7\u00e3o da estrat\u00e9gia, e avalia\u00e7\u00e3o e controle da estrat\u00e9gia). O instrumento evidenciou a percep\u00e7\u00e3o dos respondentes sobre a relev\u00e2ncia da influ\u00eancia da Gest\u00e3o de Riscos Corporativos sobre o Planejamento Estrat\u00e9gico, possibilitando identificar diversas oportunidades e iniciativas que contribuem para a integra\u00e7\u00e3o entre essas pr\u00e1ticas de gest\u00e3o. Assim, recomenda-se o uso do instrumento de avalia\u00e7\u00e3o desenvolvido nesta pesquisa, por empresas que buscam integrar elementos de gest\u00e3o de risco em seu planejamento.   <\/p>\n\n\n\n<div class=\"sdm_download_button_box_default\"><div class=\"sdm_download_link\"><a href=\"https:\/\/mestradoprofissional.fipecafi.org\/?sdm_process_download=1&download_id=187\" class=\"sdm_download green\" title=\"ERM e Plan Estrat\u00e9gico\" >Baixar artigo ERM e Plan, Estrat\u00e9gico<\/a><\/div><\/div>\n\n\n\n<div class=\"sdm_download_count\"><span class=\"sdm_count_number\">1013<\/span><span class=\"sdm_count_string\"> Downloads<\/span><\/div>\n\n\n\n<hr class=\"wp-block-separator\"\/>\n\n\n\n<p style=\"font-size:18px;text-align:center\"> <strong>Associa\u00e7\u00f5es entre Cultura Organizacional, Sistemas de Avalia\u00e7\u00e3o de Desempenho e N\u00edvel de Parceria da Controladoria <\/strong><\/p>\n\n\n\n<figure class=\"wp-block-image\"><img decoding=\"async\" width=\"1024\" height=\"379\" data-src=\"http:\/\/mestradoprofissi1.hospedagemdesites.ws\/wp-content\/uploads\/2019\/10\/businessman-3213659_1920-1024x379.jpg\" alt=\"\" class=\"wp-image-224 lazyload\" data-srcset=\"https:\/\/mestradoprofissional.fipecafi.org\/wp-content\/uploads\/2019\/10\/businessman-3213659_1920-1024x379.jpg 1024w, https:\/\/mestradoprofissional.fipecafi.org\/wp-content\/uploads\/2019\/10\/businessman-3213659_1920-300x111.jpg 300w, https:\/\/mestradoprofissional.fipecafi.org\/wp-content\/uploads\/2019\/10\/businessman-3213659_1920-768x284.jpg 768w, https:\/\/mestradoprofissional.fipecafi.org\/wp-content\/uploads\/2019\/10\/businessman-3213659_1920.jpg 1920w\" data-sizes=\"(max-width: 1024px) 100vw, 1024px\" src=\"data:image\/gif;base64,R0lGODlhAQABAAAAACH5BAEKAAEALAAAAAABAAEAAAICTAEAOw==\" style=\"--smush-placeholder-width: 1024px; --smush-placeholder-aspect-ratio: 1024\/379;\" \/><\/figure>\n\n\n\n<p style=\"font-size:14px\"> Este artigo estudou as associa\u00e7\u00f5es entre modelo de cultura organizacional, modo de atua\u00e7\u00e3o da controladoria e amplitude do sistema de avalia\u00e7\u00e3o de desempenho. O artigo inova ao estudar de forma conjunta esses tr\u00eas construtos, num momento que se reconhece a cultura organizacional como um elemento importante na constru\u00e7\u00e3o do sistema de avalia\u00e7\u00e3o de desempenho. O estudo \u00e9 baseado em respostas de uma amostra de 89 empresas brasileiras n\u00e3o financeiras. Os dados foram tratados por meio da estat\u00edstica multivariada, especificamente as t\u00e9cnicas ANOVA e HOMALS. Os resultados permitem concluir que existe associa\u00e7\u00e3o, com signific\u00e2ncia estat\u00edstica entre cultura organizacional e n\u00edvel de parceria da controladoria e entre este e a amplitude dos sistemas de avalia\u00e7\u00e3o de desempenho. Tamb\u00e9m concluiu-se que n\u00e3o h\u00e1 associa\u00e7\u00e3o entre a cultura organizacional e a amplitude dos sistemas de avalia\u00e7\u00e3o de desempenho  <\/p>\n\n\n\n<div class=\"sdm_download_button_box_default\"><div class=\"sdm_download_link\"><a href=\"https:\/\/mestradoprofissional.fipecafi.org\/?sdm_process_download=1&download_id=226\" class=\"sdm_download green\" title=\"Artigo Controladoria, Sistema de Desempenho e Cultura\" >Baixar artigo Cultura, Controladoria e Aval. Desempenho<\/a><\/div><\/div>\n\n\n\n<div class=\"sdm_download_count\"><span class=\"sdm_count_number\">1075<\/span><span class=\"sdm_count_string\"> Downloads<\/span><\/div>\n\n\n\n<p style=\"font-size:12px\">Apresentado e publicado no XIX USP International Conference in Accounting por Mar\u00edlia Janaina da Silva Bassi, Paschoal Tadeu Russo, Jos\u00e9 Carlos Tiomatsu Oyadomari, e Maria Thereza Pompa Antunes<\/p>\n\n\n\n<hr class=\"wp-block-separator\"\/>\n\n\n\n<hr class=\"wp-block-separator\"\/>\n\n\n\n<p><\/p>\n\n\n\n<div class=\"wp-block-media-text alignwide\" style=\"grid-template-columns:38% auto\"><figure class=\"wp-block-media-text__media\"><img decoding=\"async\" width=\"960\" height=\"539\" data-src=\"http:\/\/mestradoprofissi1.hospedagemdesites.ws\/wp-content\/uploads\/2019\/10\/chess-2730034_960_720.jpg\" alt=\"\" class=\"wp-image-178 lazyload\" data-srcset=\"https:\/\/mestradoprofissional.fipecafi.org\/wp-content\/uploads\/2019\/10\/chess-2730034_960_720.jpg 960w, https:\/\/mestradoprofissional.fipecafi.org\/wp-content\/uploads\/2019\/10\/chess-2730034_960_720-300x168.jpg 300w, https:\/\/mestradoprofissional.fipecafi.org\/wp-content\/uploads\/2019\/10\/chess-2730034_960_720-768x431.jpg 768w\" data-sizes=\"(max-width: 960px) 100vw, 960px\" src=\"data:image\/gif;base64,R0lGODlhAQABAAAAACH5BAEKAAEALAAAAAABAAEAAAICTAEAOw==\" style=\"--smush-placeholder-width: 960px; --smush-placeholder-aspect-ratio: 960\/539;\" \/><\/figure><div class=\"wp-block-media-text__content\">\n<p style=\"font-size:22px\"><strong>Planejamento estrat\u00e9gico como ferramenta de gest\u00e3o no Instituto Brasileiro de Governan\u00e7a Corporativa<\/strong><\/p>\n\n\n\n<p style=\"font-size:14px\">Pesquisa realizada na Fipecafi demonstra que o IBGC est\u00e1 alinhado com os principais indicadores de conformidade social empreendedora, propostos pela EMES ( <em>Emergence of Social Enterprises in Europe<\/em> -EMES) <\/p>\n\n\n\n<p style=\"font-size:14px\">Teve como objetivo o desenvolvimento e aplica\u00e7\u00e3o de um modelo capaz de avaliar o alinhamento de empresas de acordo com os principais indicadores de conformidade social, propostos pela EMES. Os indicadores foram utilizados em cada uma das etapas do processo de planejamento estrat\u00e9gico.<\/p>\n\n\n\n<div class=\"sdm_download_button_box_default\"><div class=\"sdm_download_link\"><a href=\"https:\/\/mestradoprofissional.fipecafi.org\/?sdm_process_download=1&download_id=179\" class=\"sdm_download green\" title=\"Revista &#8211; Plan Est IBGC\" >Baixar artigo Plan. Est. IBGC<\/a><\/div><\/div>\n\n\n\n<div class=\"sdm_download_count\"><span class=\"sdm_count_number\">1125<\/span><span class=\"sdm_count_string\"> Downloads<\/span><\/div>\n<\/div><\/div>\n","protected":false},"excerpt":{"rendered":"<p>Este espa\u00e7o, tem por objetivo disponibilizar estudos aplicados e publica\u00e7\u00f5es que foram realizados por nossos estudantes, individualmente ou com a<\/p>\n","protected":false},"author":3,"featured_media":0,"parent":0,"menu_order":0,"comment_status":"closed","ping_status":"closed","template":"","meta":{"colormag_page_layout":"no_sidebar_content_centered","footnotes":""},"class_list":["post-57","page","type-page","status-publish","hentry"],"_links":{"self":[{"href":"https:\/\/mestradoprofissional.fipecafi.org\/index.php?rest_route=\/wp\/v2\/pages\/57","targetHints":{"allow":["GET"]}}],"collection":[{"href":"https:\/\/mestradoprofissional.fipecafi.org\/index.php?rest_route=\/wp\/v2\/pages"}],"about":[{"href":"https:\/\/mestradoprofissional.fipecafi.org\/index.php?rest_route=\/wp\/v2\/types\/page"}],"author":[{"embeddable":true,"href":"https:\/\/mestradoprofissional.fipecafi.org\/index.php?rest_route=\/wp\/v2\/users\/3"}],"replies":[{"embeddable":true,"href":"https:\/\/mestradoprofissional.fipecafi.org\/index.php?rest_route=%2Fwp%2Fv2%2Fcomments&post=57"}],"version-history":[{"count":36,"href":"https:\/\/mestradoprofissional.fipecafi.org\/index.php?rest_route=\/wp\/v2\/pages\/57\/revisions"}],"predecessor-version":[{"id":1974,"href":"https:\/\/mestradoprofissional.fipecafi.org\/index.php?rest_route=\/wp\/v2\/pages\/57\/revisions\/1974"}],"wp:attachment":[{"href":"https:\/\/mestradoprofissional.fipecafi.org\/index.php?rest_route=%2Fwp%2Fv2%2Fmedia&parent=57"}],"curies":[{"name":"wp","href":"https:\/\/api.w.org\/{rel}","templated":true}]}}