{"id":365,"date":"2020-07-08T12:59:33","date_gmt":"2020-07-08T15:59:33","guid":{"rendered":"http:\/\/mestradoprofissional.fipecafi.org\/?page_id=365"},"modified":"2026-04-15T16:04:28","modified_gmt":"2026-04-15T19:04:28","slug":"documentos-mestrado","status":"publish","type":"page","link":"http:\/\/mestradoprofissional.fipecafi.org\/?page_id=365","title":{"rendered":"Documentos Mestrado"},"content":{"rendered":"\t\t<div data-elementor-type=\"wp-page\" data-elementor-id=\"365\" class=\"elementor elementor-365\" data-elementor-post-type=\"page\">\n\t\t\t\t<div class=\"elementor-element elementor-element-4c9bba75 e-flex e-con-boxed e-con e-parent\" data-id=\"4c9bba75\" data-element_type=\"container\">\n\t\t\t\t\t<div class=\"e-con-inner\">\n\t\t\t\t<div class=\"elementor-element elementor-element-26f9337b elementor-widget elementor-widget-text-editor\" data-id=\"26f9337b\" data-element_type=\"widget\" data-widget_type=\"text-editor.default\">\n\t\t\t\t<div class=\"elementor-widget-container\">\n\t\t\t\t\t\t\t\t\t\n<p>Portaria de reconhecimento do curso <div class=\"sdm_download_button_box_default\"><div class=\"sdm_download_link\"><a href=\"http:\/\/mestradoprofissional.fipecafi.org\/?sdm_process_download=1&#038;download_id=628\" class=\"sdm_download green\" title=\"Portaria de reconhecimento do curso\" >Baixar agora!<\/a><\/div><\/div><\/p>\n\n<p>Portaria de renova\u00e7\u00e3o de reconhecimento do curso <div class=\"sdm_download_button_box_default\"><div class=\"sdm_download_link\"><a href=\"http:\/\/mestradoprofissional.fipecafi.org\/?sdm_process_download=1&#038;download_id=624\" class=\"sdm_download green\" title=\"Portaria de renova\u00e7\u00e3o de reconhecimento do mestrado\" >Baixar agora!<\/a><\/div><\/div><\/p>\n\n<p>Regulamento do Programa de Mestrado Profissional em Controladoria e Finan\u00e7as <div class=\"sdm_download_button_box_default\"><div class=\"sdm_download_link\"><a href=\"http:\/\/mestradoprofissional.fipecafi.org\/?sdm_process_download=1&#038;download_id=2030\" class=\"sdm_download green\" title=\"Regulamento do curso 2024\" >Baixar agora!<\/a><\/div><\/div><\/p>\n\n<p>Manual para acesso ao Portal do Aluno <div class=\"sdm_download_button_box_default\"><div class=\"sdm_download_link\"><a href=\"http:\/\/mestradoprofissional.fipecafi.org\/?sdm_process_download=1&#038;download_id=2024\" class=\"sdm_download green\" title=\"Manual de Acesso ao Portal do Aluno 2024\" >Baixar agora!<\/a><\/div><\/div><\/p>\n\n<p>Regulamento das Atividades Complementares <div class=\"sdm_download_button_box_default\"><div class=\"sdm_download_link\"><a href=\"http:\/\/mestradoprofissional.fipecafi.org\/?sdm_process_download=1&#038;download_id=2028\" class=\"sdm_download green\" title=\"Regulamento de Atividades Complementares 2024\" >Baixar agora!<\/a><\/div><\/div><\/p>\n<p>Diretriz Institucional para o Uso de Intelig\u00eancia Artificial Generativa (IAG) <div class=\"sdm_download_button_box_default\"><div class=\"sdm_download_link\"><a href=\"http:\/\/mestradoprofissional.fipecafi.org\/?sdm_process_download=1&#038;download_id=2325\" class=\"sdm_download green\" title=\"Diretrizes para o uso de IAG no Mestrado da FIPECAFI\" >Baixar agora!<\/a><\/div><\/div><\/p>\n\n<p>Calend\u00e1rio Acad\u00eamico Institucional 2026 <div class=\"sdm_download_button_box_default\"><div class=\"sdm_download_link\"><a href=\"http:\/\/mestradoprofissional.fipecafi.org\/?sdm_process_download=1&#038;download_id=2424\" class=\"sdm_download green\" title=\"Calend\u00e1rio Acad\u00eamico Institucional 2026\" >Baixar agora!<\/a><\/div><\/div><\/p>\n\n<p>Cronograma de aula 1\u00ba semestre de 2026 -Turma 19<\/p>\n<p><div class=\"sdm_download_button_box_default\"><div class=\"sdm_download_link\"><a href=\"http:\/\/mestradoprofissional.fipecafi.org\/?sdm_process_download=1&#038;download_id=2525\" class=\"sdm_download green\" title=\"Cronograma de aulas 2026-1 &#8211; Turma 19\" >Baixar agora!<\/a><\/div><\/div><\/p>\n\n<p>Cronograma de aula\u00a0 1\u00ba semestre de 2026 &#8211; Turma 20<\/p>\n<p><div class=\"sdm_download_button_box_default\"><div class=\"sdm_download_link\"><a href=\"http:\/\/mestradoprofissional.fipecafi.org\/?sdm_process_download=1&#038;download_id=2411\" class=\"sdm_download green\" title=\"Calend\u00e1rio de Aulas &#8211; 2026-1 &#8211; Turma 20\" >Baixar agora!<\/a><\/div><\/div><\/p>\n\n<p>Datas limites por turma &#8211; qualifica\u00e7\u00e3o e defesa final <div class=\"sdm_download_button_box_default\"><div class=\"sdm_download_link\"><a href=\"http:\/\/mestradoprofissional.fipecafi.org\/?sdm_process_download=1&#038;download_id=2020\" class=\"sdm_download green\" title=\"Datas Limites\" >Baixar agora!<\/a><\/div><\/div><\/p>\n\n<p>Manual de formata\u00e7\u00e3o de trabalhos acad\u00eamicos <div class=\"sdm_download_button_box_default\"><div class=\"sdm_download_link\"><a href=\"http:\/\/mestradoprofissional.fipecafi.org\/?sdm_process_download=1&#038;download_id=2034\" class=\"sdm_download green\" title=\"Manual de formata\u00e7\u00e3o da disserta\u00e7\u00e3o\" >Baixar agora!<\/a><\/div><\/div><\/p>\n\n<p>Processo para entrega da disserta\u00e7\u00e3o <div class=\"sdm_download_button_box_default\"><div class=\"sdm_download_link\"><a href=\"http:\/\/mestradoprofissional.fipecafi.org\/?sdm_process_download=1&#038;download_id=2026\" class=\"sdm_download green\" title=\"Processo de submiss\u00e3o da disserta\u00e7\u00e3o 2024\" >Baixar agora!<\/a><\/div><\/div><\/p>\n\t\t\t\t\t\t\t\t<\/div>\n\t\t\t\t<\/div>\n\t\t\t\t\t<\/div>\n\t\t\t\t<\/div>\n\t\t\t\t<\/div>\n\t\t","protected":false},"excerpt":{"rendered":"<p>Portaria de reconhecimento do curso Portaria de renova\u00e7\u00e3o de reconhecimento do curso Regulamento do Programa de Mestrado Profissional em Controladoria<\/p>\n","protected":false},"author":3,"featured_media":0,"parent":0,"menu_order":0,"comment_status":"closed","ping_status":"closed","template":"","meta":{"colormag_page_layout":"default_layout","footnotes":""},"class_list":["post-365","page","type-page","status-publish","hentry"],"_links":{"self":[{"href":"http:\/\/mestradoprofissional.fipecafi.org\/index.php?rest_route=\/wp\/v2\/pages\/365","targetHints":{"allow":["GET"]}}],"collection":[{"href":"http:\/\/mestradoprofissional.fipecafi.org\/index.php?rest_route=\/wp\/v2\/pages"}],"about":[{"href":"http:\/\/mestradoprofissional.fipecafi.org\/index.php?rest_route=\/wp\/v2\/types\/page"}],"author":[{"embeddable":true,"href":"http:\/\/mestradoprofissional.fipecafi.org\/index.php?rest_route=\/wp\/v2\/users\/3"}],"replies":[{"embeddable":true,"href":"http:\/\/mestradoprofissional.fipecafi.org\/index.php?rest_route=%2Fwp%2Fv2%2Fcomments&post=365"}],"version-history":[{"count":124,"href":"http:\/\/mestradoprofissional.fipecafi.org\/index.php?rest_route=\/wp\/v2\/pages\/365\/revisions"}],"predecessor-version":[{"id":2532,"href":"http:\/\/mestradoprofissional.fipecafi.org\/index.php?rest_route=\/wp\/v2\/pages\/365\/revisions\/2532"}],"wp:attachment":[{"href":"http:\/\/mestradoprofissional.fipecafi.org\/index.php?rest_route=%2Fwp%2Fv2%2Fmedia&parent=365"}],"curies":[{"name":"wp","href":"https:\/\/api.w.org\/{rel}","templated":true}]}}